{"id":95,"date":"2024-02-15T14:55:26","date_gmt":"2024-02-15T14:55:26","guid":{"rendered":"https:\/\/bscloud.com\/home\/?page_id=95"},"modified":"2024-02-21T13:33:47","modified_gmt":"2024-02-21T13:33:47","slug":"elementor-95","status":"publish","type":"page","link":"https:\/\/bscloud.com\/home\/index.php\/elementor-95\/","title":{"rendered":"BS CLOUD"},"content":{"rendered":"\t\t<div data-elementor-type=\"wp-page\" data-elementor-id=\"95\" class=\"elementor elementor-95\" data-elementor-post-type=\"page\">\n\t\t\t\t<div class=\"elementor-element elementor-element-1c88886 e-con-full elementor-hidden-mobile elementor-hidden-tablet e-flex e-con e-parent\" data-id=\"1c88886\" data-element_type=\"container\" data-settings=\"{&quot;content_width&quot;:&quot;full&quot;,&quot;background_background&quot;:&quot;classic&quot;}\" data-core-v316-plus=\"true\">\n\t\t\t\t<div class=\"elementor-element elementor-element-a5d9c8c elementor-widget elementor-widget-heading\" data-id=\"a5d9c8c\" data-element_type=\"widget\" data-widget_type=\"heading.default\">\n\t\t\t\t<div class=\"elementor-widget-container\">\n\t\t\t<style>\/*! elementor - v3.19.0 - 07-02-2024 *\/\n.elementor-heading-title{padding:0;margin:0;line-height:1}.elementor-widget-heading .elementor-heading-title[class*=elementor-size-]>a{color:inherit;font-size:inherit;line-height:inherit}.elementor-widget-heading .elementor-heading-title.elementor-size-small{font-size:15px}.elementor-widget-heading .elementor-heading-title.elementor-size-medium{font-size:19px}.elementor-widget-heading .elementor-heading-title.elementor-size-large{font-size:29px}.elementor-widget-heading .elementor-heading-title.elementor-size-xl{font-size:39px}.elementor-widget-heading .elementor-heading-title.elementor-size-xxl{font-size:59px}<\/style><h2 class=\"elementor-heading-title elementor-size-default\">NOSOTROS<\/h2>\t\t<\/div>\n\t\t\t\t<\/div>\n\t\t\t\t<\/div>\n\t\t<div class=\"elementor-element elementor-element-50cec82 e-con-full elementor-hidden-desktop e-flex e-con e-parent\" data-id=\"50cec82\" data-element_type=\"container\" data-settings=\"{&quot;content_width&quot;:&quot;full&quot;,&quot;background_background&quot;:&quot;classic&quot;}\" data-core-v316-plus=\"true\">\n\t\t\t\t<div class=\"elementor-element elementor-element-cdebc49 elementor-widget elementor-widget-heading\" data-id=\"cdebc49\" data-element_type=\"widget\" data-widget_type=\"heading.default\">\n\t\t\t\t<div class=\"elementor-widget-container\">\n\t\t\t<h2 class=\"elementor-heading-title elementor-size-default\">NOSOTROS<\/h2>\t\t<\/div>\n\t\t\t\t<\/div>\n\t\t\t\t<\/div>\n\t\t<div class=\"elementor-element elementor-element-8269895 elementor-hidden-mobile elementor-hidden-tablet e-flex e-con-boxed e-con e-parent\" data-id=\"8269895\" data-element_type=\"container\" data-settings=\"{&quot;background_background&quot;:&quot;classic&quot;,&quot;content_width&quot;:&quot;boxed&quot;}\" data-core-v316-plus=\"true\">\n\t\t\t\t\t<div class=\"e-con-inner\">\n\t\t\t\t<div class=\"elementor-element elementor-element-3a0e09c elementor-invisible elementor-widget elementor-widget-image\" data-id=\"3a0e09c\" data-element_type=\"widget\" data-settings=\"{&quot;_animation&quot;:&quot;fadeIn&quot;}\" data-widget_type=\"image.default\">\n\t\t\t\t<div class=\"elementor-widget-container\">\n\t\t\t<style>\/*! elementor - v3.19.0 - 07-02-2024 *\/\n.elementor-widget-image{text-align:center}.elementor-widget-image a{display:inline-block}.elementor-widget-image a img[src$=\".svg\"]{width:48px}.elementor-widget-image img{vertical-align:middle;display:inline-block}<\/style>\t\t\t\t\t\t\t\t\t\t<img decoding=\"async\" width=\"192\" height=\"192\" src=\"https:\/\/bscloud.com\/home\/wp-content\/uploads\/2024\/02\/Mesa-de-trabajo-93.png\" class=\"attachment-full size-full wp-image-106\" alt=\"\" srcset=\"https:\/\/bscloud.com\/home\/wp-content\/uploads\/2024\/02\/Mesa-de-trabajo-93.png 192w, https:\/\/bscloud.com\/home\/wp-content\/uploads\/2024\/02\/Mesa-de-trabajo-93-150x150.png 150w\" sizes=\"(max-width: 192px) 100vw, 192px\" \/>\t\t\t\t\t\t\t\t\t\t\t\t\t<\/div>\n\t\t\t\t<\/div>\n\t\t\t\t<div class=\"elementor-element elementor-element-842446e elementor-widget elementor-widget-heading\" data-id=\"842446e\" data-element_type=\"widget\" data-widget_type=\"heading.default\">\n\t\t\t\t<div class=\"elementor-widget-container\">\n\t\t\t<h2 class=\"elementor-heading-title elementor-size-default\">BUSINESS SOLUTIONS ON THE CLOUD S.A.S.<\/h2>\t\t<\/div>\n\t\t\t\t<\/div>\n\t\t\t\t<div class=\"elementor-element elementor-element-ca491f8 elementor-widget elementor-widget-heading\" data-id=\"ca491f8\" data-element_type=\"widget\" data-widget_type=\"heading.default\">\n\t\t\t\t<div class=\"elementor-widget-container\">\n\t\t\t<h2 class=\"elementor-heading-title elementor-size-default\">es una empresa de tecnolog\u00eda inform\u00e1tica que naci\u00f3 en la ciudad de Manizales en\nel a\u00f1o 2010. La compa\u00f1\u00eda surgi\u00f3 como una alternativa para empresas y particulares\nque requieran servicios relacionados con el Desarrollo de Software a la medida,\ntambi\u00e9n conocido como servicios en la nube, bajo la modalidad de SaaS o software\nbajo servicio. Este desarrollo estar\u00e1 enfocado en atender empresas que buscan\nautomatizar procesos y mejorar eficiencias a trav\u00e9s de soluciones tecnol\u00f3gicas con\nel desarrollo de software personalizado.<\/h2>\t\t<\/div>\n\t\t\t\t<\/div>\n\t\t\t\t\t<\/div>\n\t\t\t\t<\/div>\n\t\t<div class=\"elementor-element elementor-element-48ab07e elementor-hidden-desktop e-flex e-con-boxed e-con e-parent\" data-id=\"48ab07e\" data-element_type=\"container\" data-settings=\"{&quot;background_background&quot;:&quot;classic&quot;,&quot;content_width&quot;:&quot;boxed&quot;}\" data-core-v316-plus=\"true\">\n\t\t\t\t\t<div class=\"e-con-inner\">\n\t\t\t\t<div class=\"elementor-element elementor-element-06106a7 elementor-widget elementor-widget-image\" data-id=\"06106a7\" data-element_type=\"widget\" data-widget_type=\"image.default\">\n\t\t\t\t<div class=\"elementor-widget-container\">\n\t\t\t\t\t\t\t\t\t\t\t\t\t<img decoding=\"async\" width=\"192\" height=\"192\" src=\"https:\/\/bscloud.com\/home\/wp-content\/uploads\/2024\/02\/Mesa-de-trabajo-93.png\" class=\"attachment-full size-full wp-image-106\" alt=\"\" srcset=\"https:\/\/bscloud.com\/home\/wp-content\/uploads\/2024\/02\/Mesa-de-trabajo-93.png 192w, https:\/\/bscloud.com\/home\/wp-content\/uploads\/2024\/02\/Mesa-de-trabajo-93-150x150.png 150w\" sizes=\"(max-width: 192px) 100vw, 192px\" \/>\t\t\t\t\t\t\t\t\t\t\t\t\t<\/div>\n\t\t\t\t<\/div>\n\t\t\t\t<div class=\"elementor-element elementor-element-d3e0593 elementor-widget elementor-widget-heading\" data-id=\"d3e0593\" data-element_type=\"widget\" data-widget_type=\"heading.default\">\n\t\t\t\t<div class=\"elementor-widget-container\">\n\t\t\t<h2 class=\"elementor-heading-title elementor-size-default\">BUSINESS SOLUTIONS ON THE CLOUD S.A.S.<\/h2>\t\t<\/div>\n\t\t\t\t<\/div>\n\t\t\t\t<div class=\"elementor-element elementor-element-1cee739 elementor-widget elementor-widget-heading\" data-id=\"1cee739\" data-element_type=\"widget\" data-widget_type=\"heading.default\">\n\t\t\t\t<div class=\"elementor-widget-container\">\n\t\t\t<h2 class=\"elementor-heading-title elementor-size-default\">es una empresa de tecnolog\u00eda inform\u00e1tica que naci\u00f3 en la ciudad de Manizales en\nel a\u00f1o 2010. La compa\u00f1\u00eda surgi\u00f3 como una alternativa para empresas y particulares\nque requieran servicios relacionados con el Desarrollo de Software a la medida,\ntambi\u00e9n conocido como servicios en la nube, bajo la modalidad de SaaS o software\nbajo servicio. Este desarrollo estar\u00e1 enfocado en atender empresas que buscan\nautomatizar procesos y mejorar eficiencias a trav\u00e9s de soluciones tecnol\u00f3gicas con\nel desarrollo de software personalizado.<\/h2>\t\t<\/div>\n\t\t\t\t<\/div>\n\t\t\t\t\t<\/div>\n\t\t\t\t<\/div>\n\t\t<div class=\"elementor-element elementor-element-f0d7746 e-con-full elementor-hidden-mobile elementor-hidden-tablet e-flex e-con e-parent\" data-id=\"f0d7746\" data-element_type=\"container\" data-settings=\"{&quot;content_width&quot;:&quot;full&quot;,&quot;background_background&quot;:&quot;classic&quot;}\" data-core-v316-plus=\"true\">\n\t\t<div class=\"elementor-element elementor-element-9d1e65a e-con-full e-flex e-con e-child\" data-id=\"9d1e65a\" data-element_type=\"container\" data-settings=\"{&quot;content_width&quot;:&quot;full&quot;}\">\n\t\t\t\t<div class=\"elementor-element elementor-element-f64adc2 elementor-widget elementor-widget-text-editor\" data-id=\"f64adc2\" data-element_type=\"widget\" data-widget_type=\"text-editor.default\">\n\t\t\t\t<div class=\"elementor-widget-container\">\n\t\t\t<style>\/*! elementor - v3.19.0 - 07-02-2024 *\/\n.elementor-widget-text-editor.elementor-drop-cap-view-stacked .elementor-drop-cap{background-color:#69727d;color:#fff}.elementor-widget-text-editor.elementor-drop-cap-view-framed .elementor-drop-cap{color:#69727d;border:3px solid;background-color:transparent}.elementor-widget-text-editor:not(.elementor-drop-cap-view-default) .elementor-drop-cap{margin-top:8px}.elementor-widget-text-editor:not(.elementor-drop-cap-view-default) .elementor-drop-cap-letter{width:1em;height:1em}.elementor-widget-text-editor .elementor-drop-cap{float:left;text-align:center;line-height:1;font-size:50px}.elementor-widget-text-editor .elementor-drop-cap-letter{display:inline-block}<\/style>\t\t\t\t<p><strong>FILOSOF\u00cdA:<\/strong> Durante el a\u00f1o 2011, BSCLOUD comienza a trabajar en su propia plataforma de geolocalizaci\u00f3n satelital de veh\u00edculos luego de superar un minucioso trabajo de investigaci\u00f3n para consolidar una herramienta con la mejor tecnolog\u00eda que asegura un servicio garantizado para nuestros clientes. Desde ese momento, y gracias al voz a voz, varios comerciantes, conductores, \u201cmuleros\u201d y empresas empiezan a usar nuestra plataforma, reconoci\u00e9ndonos como una empresa confiable, responsable e innovadora en este tipo de servicios.<\/p>\t\t\t\t\t\t<\/div>\n\t\t\t\t<\/div>\n\t\t\t\t<\/div>\n\t\t<div class=\"elementor-element elementor-element-4a948a8 e-con-full e-flex e-con e-child\" data-id=\"4a948a8\" data-element_type=\"container\" data-settings=\"{&quot;content_width&quot;:&quot;full&quot;}\">\n\t\t\t\t<div class=\"elementor-element elementor-element-7f546cc elementor-widget elementor-widget-image\" data-id=\"7f546cc\" data-element_type=\"widget\" data-widget_type=\"image.default\">\n\t\t\t\t<div class=\"elementor-widget-container\">\n\t\t\t\t\t\t\t\t\t\t\t\t\t<img decoding=\"async\" width=\"85\" height=\"11\" src=\"https:\/\/bscloud.com\/home\/wp-content\/uploads\/2024\/02\/logos-e-iconos-17.png\" class=\"attachment-large size-large wp-image-65\" alt=\"\" \/>\t\t\t\t\t\t\t\t\t\t\t\t\t<\/div>\n\t\t\t\t<\/div>\n\t\t\t\t<div class=\"elementor-element elementor-element-ee56bd7 elementor-widget elementor-widget-text-editor\" data-id=\"ee56bd7\" data-element_type=\"widget\" data-widget_type=\"text-editor.default\">\n\t\t\t\t<div class=\"elementor-widget-container\">\n\t\t\t\t\t\t\t<p>Dada las constantes exigencias del medio y del mercado, nuestra empresa ha evolucionado a tal punto que el portafolio de <strong>servicios de ubicaci\u00f3n satelital, basados en tecnolog\u00eda GPS<\/strong>,se ha venido extendiendo para varios sectores de la econom\u00eda y usuarios finales.<\/p>\t\t\t\t\t\t<\/div>\n\t\t\t\t<\/div>\n\t\t\t\t<\/div>\n\t\t<div class=\"elementor-element elementor-element-0e8138c e-con-full e-flex e-con e-child\" data-id=\"0e8138c\" data-element_type=\"container\" data-settings=\"{&quot;content_width&quot;:&quot;full&quot;}\">\n\t\t\t\t<div class=\"elementor-element elementor-element-2ac8820 elementor-widget elementor-widget-image\" data-id=\"2ac8820\" data-element_type=\"widget\" data-widget_type=\"image.default\">\n\t\t\t\t<div class=\"elementor-widget-container\">\n\t\t\t\t\t\t\t\t\t\t\t\t\t<img decoding=\"async\" width=\"181\" height=\"181\" src=\"https:\/\/bscloud.com\/home\/wp-content\/uploads\/2024\/02\/logos-e-iconos-18.png\" class=\"attachment-large size-large wp-image-66\" alt=\"\" srcset=\"https:\/\/bscloud.com\/home\/wp-content\/uploads\/2024\/02\/logos-e-iconos-18.png 181w, https:\/\/bscloud.com\/home\/wp-content\/uploads\/2024\/02\/logos-e-iconos-18-150x150.png 150w\" sizes=\"(max-width: 181px) 100vw, 181px\" \/>\t\t\t\t\t\t\t\t\t\t\t\t\t<\/div>\n\t\t\t\t<\/div>\n\t\t\t\t<\/div>\n\t\t<div class=\"elementor-element elementor-element-dc51049 e-con-full e-flex e-con e-child\" data-id=\"dc51049\" data-element_type=\"container\" data-settings=\"{&quot;content_width&quot;:&quot;full&quot;}\">\n\t\t\t\t<div class=\"elementor-element elementor-element-601ee31 elementor-widget elementor-widget-image\" data-id=\"601ee31\" data-element_type=\"widget\" data-widget_type=\"image.default\">\n\t\t\t\t<div class=\"elementor-widget-container\">\n\t\t\t\t\t\t\t\t\t\t\t\t\t<img loading=\"lazy\" decoding=\"async\" width=\"508\" height=\"508\" src=\"https:\/\/bscloud.com\/home\/wp-content\/uploads\/2024\/02\/imagens-09.png\" class=\"attachment-large size-large wp-image-41\" alt=\"\" srcset=\"https:\/\/bscloud.com\/home\/wp-content\/uploads\/2024\/02\/imagens-09.png 508w, https:\/\/bscloud.com\/home\/wp-content\/uploads\/2024\/02\/imagens-09-300x300.png 300w, https:\/\/bscloud.com\/home\/wp-content\/uploads\/2024\/02\/imagens-09-150x150.png 150w\" sizes=\"(max-width: 508px) 100vw, 508px\" \/>\t\t\t\t\t\t\t\t\t\t\t\t\t<\/div>\n\t\t\t\t<\/div>\n\t\t\t\t<\/div>\n\t\t<div class=\"elementor-element elementor-element-23b57be e-con-full e-flex e-con e-child\" data-id=\"23b57be\" data-element_type=\"container\" data-settings=\"{&quot;content_width&quot;:&quot;full&quot;}\">\n\t\t\t\t<div class=\"elementor-element elementor-element-a56f6fc elementor-widget elementor-widget-text-editor\" data-id=\"a56f6fc\" data-element_type=\"widget\" data-widget_type=\"text-editor.default\">\n\t\t\t\t<div class=\"elementor-widget-container\">\n\t\t\t\t\t\t\t<p>El desarrollo de soluciones de geolocalizaci\u00f3n, control, log\u00edstica y seguridad por medio de dispositivos GPS se ha convertido en nuestra especialidad. Hacemos hincapi\u00e9 en la mejora de la gesti\u00f3n de flotas, la seguridad de los veh\u00edculos y la optimizaci\u00f3n de rutas. <strong>Contamos con gran potencial de adaptar nuestra tecnolog\u00eda a las necesidades particulares de nuestros clientes.<\/strong><\/p>\t\t\t\t\t\t<\/div>\n\t\t\t\t<\/div>\n\t\t\t\t<\/div>\n\t\t\t\t<\/div>\n\t\t<div class=\"elementor-element elementor-element-12fa251 e-con-full elementor-hidden-desktop e-flex e-con e-parent\" data-id=\"12fa251\" data-element_type=\"container\" data-settings=\"{&quot;content_width&quot;:&quot;full&quot;,&quot;background_background&quot;:&quot;classic&quot;}\" data-core-v316-plus=\"true\">\n\t\t<div class=\"elementor-element elementor-element-b6ba544 e-con-full e-flex e-con e-child\" data-id=\"b6ba544\" data-element_type=\"container\" data-settings=\"{&quot;content_width&quot;:&quot;full&quot;}\">\n\t\t\t\t<div class=\"elementor-element elementor-element-1781df6 elementor-widget elementor-widget-text-editor\" data-id=\"1781df6\" data-element_type=\"widget\" data-widget_type=\"text-editor.default\">\n\t\t\t\t<div class=\"elementor-widget-container\">\n\t\t\t\t\t\t\t<p><strong>FILOSOF\u00cdA:<\/strong> Durante el a\u00f1o 2011, BSCLOUD comienza a trabajar en su propia plataforma de geolocalizaci\u00f3n satelital de veh\u00edculos luego de superar un minucioso trabajo de investigaci\u00f3n para consolidar una herramienta con la mejor tecnolog\u00eda que asegura un servicio garantizado para nuestros clientes. Desde ese momento, y gracias al voz a voz, varios comerciantes, conductores, \u201cmuleros\u201d y empresas empiezan a usar nuestra plataforma, reconoci\u00e9ndonos como una empresa confiable, responsable e innovadora en este tipo de servicios.<\/p>\t\t\t\t\t\t<\/div>\n\t\t\t\t<\/div>\n\t\t\t\t<\/div>\n\t\t<div class=\"elementor-element elementor-element-2bd4791 e-con-full e-flex e-con e-child\" data-id=\"2bd4791\" data-element_type=\"container\" data-settings=\"{&quot;content_width&quot;:&quot;full&quot;}\">\n\t\t\t\t<div class=\"elementor-element elementor-element-87997d7 elementor-widget elementor-widget-image\" data-id=\"87997d7\" data-element_type=\"widget\" data-widget_type=\"image.default\">\n\t\t\t\t<div class=\"elementor-widget-container\">\n\t\t\t\t\t\t\t\t\t\t\t\t\t<img decoding=\"async\" width=\"85\" height=\"11\" src=\"https:\/\/bscloud.com\/home\/wp-content\/uploads\/2024\/02\/logos-e-iconos-17.png\" class=\"attachment-large size-large wp-image-65\" alt=\"\" \/>\t\t\t\t\t\t\t\t\t\t\t\t\t<\/div>\n\t\t\t\t<\/div>\n\t\t\t\t<div class=\"elementor-element elementor-element-2822830 elementor-widget elementor-widget-text-editor\" data-id=\"2822830\" data-element_type=\"widget\" data-widget_type=\"text-editor.default\">\n\t\t\t\t<div class=\"elementor-widget-container\">\n\t\t\t\t\t\t\t<p>Dada las constantes exigencias del medio y del mercado, nuestra empresa ha evolucionado a tal punto que el portafolio de <strong>servicios de ubicaci\u00f3n satelital, basados en tecnolog\u00eda GPS<\/strong>,se ha venido extendiendo para varios sectores de la econom\u00eda y usuarios finales.<\/p>\t\t\t\t\t\t<\/div>\n\t\t\t\t<\/div>\n\t\t\t\t<\/div>\n\t\t<div class=\"elementor-element elementor-element-c3c7052 e-con-full elementor-hidden-tablet e-flex e-con e-child\" data-id=\"c3c7052\" data-element_type=\"container\" data-settings=\"{&quot;content_width&quot;:&quot;full&quot;}\">\n\t\t\t\t<div class=\"elementor-element elementor-element-36ea73b elementor-widget elementor-widget-image\" data-id=\"36ea73b\" data-element_type=\"widget\" data-widget_type=\"image.default\">\n\t\t\t\t<div class=\"elementor-widget-container\">\n\t\t\t\t\t\t\t\t\t\t\t\t\t<img loading=\"lazy\" decoding=\"async\" width=\"508\" height=\"508\" src=\"https:\/\/bscloud.com\/home\/wp-content\/uploads\/2024\/02\/imagens-09.png\" class=\"attachment-large size-large wp-image-41\" alt=\"\" srcset=\"https:\/\/bscloud.com\/home\/wp-content\/uploads\/2024\/02\/imagens-09.png 508w, https:\/\/bscloud.com\/home\/wp-content\/uploads\/2024\/02\/imagens-09-300x300.png 300w, https:\/\/bscloud.com\/home\/wp-content\/uploads\/2024\/02\/imagens-09-150x150.png 150w\" sizes=\"(max-width: 508px) 100vw, 508px\" \/>\t\t\t\t\t\t\t\t\t\t\t\t\t<\/div>\n\t\t\t\t<\/div>\n\t\t\t\t<\/div>\n\t\t<div class=\"elementor-element elementor-element-f3dcaa0 e-con-full e-flex e-con e-child\" data-id=\"f3dcaa0\" data-element_type=\"container\" data-settings=\"{&quot;content_width&quot;:&quot;full&quot;}\">\n\t\t\t\t<div class=\"elementor-element elementor-element-31588be elementor-widget elementor-widget-text-editor\" data-id=\"31588be\" data-element_type=\"widget\" data-widget_type=\"text-editor.default\">\n\t\t\t\t<div class=\"elementor-widget-container\">\n\t\t\t\t\t\t\t<p>El desarrollo de soluciones de geolocalizaci\u00f3n, control, log\u00edstica y seguridad por medio de dispositivos GPS se ha convertido en nuestra especialidad. Hacemos hincapi\u00e9 en la mejora de la gesti\u00f3n de flotas, la seguridad de los veh\u00edculos y la optimizaci\u00f3n de rutas. <strong>Contamos con gran potencial de adaptar nuestra tecnolog\u00eda a las necesidades particulares de nuestros clientes.<\/strong><\/p>\t\t\t\t\t\t<\/div>\n\t\t\t\t<\/div>\n\t\t\t\t<\/div>\n\t\t\t\t<\/div>\n\t\t<div class=\"elementor-element elementor-element-edf2fbf e-con-full elementor-hidden-mobile e-flex e-con e-parent\" data-id=\"edf2fbf\" data-element_type=\"container\" data-settings=\"{&quot;content_width&quot;:&quot;full&quot;,&quot;background_background&quot;:&quot;classic&quot;}\" data-core-v316-plus=\"true\">\n\t\t<div class=\"elementor-element elementor-element-e546903 e-con-full e-flex e-con e-child\" data-id=\"e546903\" data-element_type=\"container\" data-settings=\"{&quot;content_width&quot;:&quot;full&quot;}\">\n\t\t\t\t<\/div>\n\t\t<div class=\"elementor-element elementor-element-eb5be3c e-con-full e-flex e-con e-child\" data-id=\"eb5be3c\" data-element_type=\"container\" data-settings=\"{&quot;content_width&quot;:&quot;full&quot;}\">\n\t\t\t\t<div class=\"elementor-element elementor-element-f23ffad elementor-widget elementor-widget-image\" data-id=\"f23ffad\" data-element_type=\"widget\" data-widget_type=\"image.default\">\n\t\t\t\t<div class=\"elementor-widget-container\">\n\t\t\t\t\t\t\t\t\t\t\t\t\t<img loading=\"lazy\" decoding=\"async\" width=\"722\" height=\"358\" src=\"https:\/\/bscloud.com\/home\/wp-content\/uploads\/2024\/02\/Mesa-de-trabajo-95.png\" class=\"attachment-large size-large wp-image-115\" alt=\"\" srcset=\"https:\/\/bscloud.com\/home\/wp-content\/uploads\/2024\/02\/Mesa-de-trabajo-95.png 722w, https:\/\/bscloud.com\/home\/wp-content\/uploads\/2024\/02\/Mesa-de-trabajo-95-300x149.png 300w\" sizes=\"(max-width: 722px) 100vw, 722px\" \/>\t\t\t\t\t\t\t\t\t\t\t\t\t<\/div>\n\t\t\t\t<\/div>\n\t\t\t\t<div class=\"elementor-element elementor-element-531a215 elementor-invisible elementor-widget elementor-widget-image\" data-id=\"531a215\" data-element_type=\"widget\" data-settings=\"{&quot;_animation&quot;:&quot;bounceIn&quot;}\" data-widget_type=\"image.default\">\n\t\t\t\t<div class=\"elementor-widget-container\">\n\t\t\t\t\t\t\t\t\t\t\t\t\t\t<a href=\"https:\/\/bscloud.com\/home\/index.php\/contacto\/\">\n\t\t\t\t\t\t\t<img loading=\"lazy\" decoding=\"async\" width=\"335\" height=\"84\" src=\"https:\/\/bscloud.com\/home\/wp-content\/uploads\/2024\/02\/Mesa-de-trabajo-94.png\" class=\"attachment-full size-full wp-image-105\" alt=\"\" srcset=\"https:\/\/bscloud.com\/home\/wp-content\/uploads\/2024\/02\/Mesa-de-trabajo-94.png 335w, https:\/\/bscloud.com\/home\/wp-content\/uploads\/2024\/02\/Mesa-de-trabajo-94-300x75.png 300w\" sizes=\"(max-width: 335px) 100vw, 335px\" \/>\t\t\t\t\t\t\t\t<\/a>\n\t\t\t\t\t\t\t\t\t\t\t\t\t<\/div>\n\t\t\t\t<\/div>\n\t\t\t\t<\/div>\n\t\t\t\t<\/div>\n\t\t<div class=\"elementor-element elementor-element-3931f46 e-con-full elementor-hidden-desktop elementor-hidden-tablet e-flex e-con e-parent\" data-id=\"3931f46\" data-element_type=\"container\" data-settings=\"{&quot;content_width&quot;:&quot;full&quot;,&quot;background_background&quot;:&quot;classic&quot;}\" data-core-v316-plus=\"true\">\n\t\t<div class=\"elementor-element elementor-element-2ec947d e-con-full e-flex e-con e-child\" data-id=\"2ec947d\" data-element_type=\"container\" data-settings=\"{&quot;content_width&quot;:&quot;full&quot;}\">\n\t\t\t\t<div class=\"elementor-element elementor-element-cc92203 elementor-widget elementor-widget-image\" data-id=\"cc92203\" data-element_type=\"widget\" data-widget_type=\"image.default\">\n\t\t\t\t<div class=\"elementor-widget-container\">\n\t\t\t\t\t\t\t\t\t\t\t\t\t<img loading=\"lazy\" decoding=\"async\" width=\"722\" height=\"358\" src=\"https:\/\/bscloud.com\/home\/wp-content\/uploads\/2024\/02\/Mesa-de-trabajo-95.png\" class=\"attachment-large size-large wp-image-115\" alt=\"\" srcset=\"https:\/\/bscloud.com\/home\/wp-content\/uploads\/2024\/02\/Mesa-de-trabajo-95.png 722w, https:\/\/bscloud.com\/home\/wp-content\/uploads\/2024\/02\/Mesa-de-trabajo-95-300x149.png 300w\" sizes=\"(max-width: 722px) 100vw, 722px\" \/>\t\t\t\t\t\t\t\t\t\t\t\t\t<\/div>\n\t\t\t\t<\/div>\n\t\t\t\t<div class=\"elementor-element elementor-element-ed38301 elementor-widget elementor-widget-image\" data-id=\"ed38301\" data-element_type=\"widget\" data-widget_type=\"image.default\">\n\t\t\t\t<div class=\"elementor-widget-container\">\n\t\t\t\t\t\t\t\t\t\t\t\t\t<img loading=\"lazy\" decoding=\"async\" width=\"335\" height=\"84\" src=\"https:\/\/bscloud.com\/home\/wp-content\/uploads\/2024\/02\/Mesa-de-trabajo-94.png\" class=\"attachment-full size-full wp-image-105\" alt=\"\" srcset=\"https:\/\/bscloud.com\/home\/wp-content\/uploads\/2024\/02\/Mesa-de-trabajo-94.png 335w, https:\/\/bscloud.com\/home\/wp-content\/uploads\/2024\/02\/Mesa-de-trabajo-94-300x75.png 300w\" sizes=\"(max-width: 335px) 100vw, 335px\" \/>\t\t\t\t\t\t\t\t\t\t\t\t\t<\/div>\n\t\t\t\t<\/div>\n\t\t\t\t<\/div>\n\t\t\t\t<\/div>\n\t\t\t\t<\/div>\n\t\t","protected":false},"excerpt":{"rendered":"<p>NOSOTROS NOSOTROS BUSINESS SOLUTIONS ON THE CLOUD S.A.S. es una empresa de tecnolog\u00eda inform\u00e1tica que naci\u00f3 en la ciudad de Manizales en el a\u00f1o 2010. La compa\u00f1\u00eda surgi\u00f3 como una alternativa para empresas y particulares que requieran servicios relacionados con el Desarrollo de Software a la medida, tambi\u00e9n conocido como servicios en la nube, bajo [&hellip;]<\/p>\n","protected":false},"author":1,"featured_media":0,"parent":0,"menu_order":0,"comment_status":"closed","ping_status":"closed","template":"","meta":{"footnotes":""},"class_list":["post-95","page","type-page","status-publish","hentry"],"_links":{"self":[{"href":"https:\/\/bscloud.com\/home\/index.php\/wp-json\/wp\/v2\/pages\/95","targetHints":{"allow":["GET"]}}],"collection":[{"href":"https:\/\/bscloud.com\/home\/index.php\/wp-json\/wp\/v2\/pages"}],"about":[{"href":"https:\/\/bscloud.com\/home\/index.php\/wp-json\/wp\/v2\/types\/page"}],"author":[{"embeddable":true,"href":"https:\/\/bscloud.com\/home\/index.php\/wp-json\/wp\/v2\/users\/1"}],"replies":[{"embeddable":true,"href":"https:\/\/bscloud.com\/home\/index.php\/wp-json\/wp\/v2\/comments?post=95"}],"version-history":[{"count":38,"href":"https:\/\/bscloud.com\/home\/index.php\/wp-json\/wp\/v2\/pages\/95\/revisions"}],"predecessor-version":[{"id":354,"href":"https:\/\/bscloud.com\/home\/index.php\/wp-json\/wp\/v2\/pages\/95\/revisions\/354"}],"wp:attachment":[{"href":"https:\/\/bscloud.com\/home\/index.php\/wp-json\/wp\/v2\/media?parent=95"}],"curies":[{"name":"wp","href":"https:\/\/api.w.org\/{rel}","templated":true}]}}